{"id":1870,"date":"2022-11-30T18:08:35","date_gmt":"2022-11-30T17:08:35","guid":{"rendered":"https:\/\/www.homexpo.paris\/?page_id=1870"},"modified":"2023-01-02T17:43:39","modified_gmt":"2023-01-02T16:43:39","slug":"contact-us","status":"publish","type":"page","link":"https:\/\/www.homexpo.paris\/en\/contact-us\/","title":{"rendered":"Contact us"},"content":{"rendered":"\t\t<div data-elementor-type=\"wp-page\" data-elementor-id=\"1870\" class=\"elementor elementor-1870 elementor-20\" data-elementor-post-type=\"page\">\n\t\t\t\t\t\t<section class=\"ob-is-breaking-bad elementor-section elementor-top-section elementor-element elementor-element-e29a497 elementor-section-height-min-height elementor-section-items-stretch elementor-section-content-top elementor-section-boxed elementor-section-height-default\" data-id=\"e29a497\" data-element_type=\"section\" data-settings=\"{&quot;_ob_bbad_use_it&quot;:&quot;yes&quot;,&quot;_ob_bbad_sssic_use&quot;:&quot;no&quot;,&quot;_ob_glider_is_slider&quot;:&quot;no&quot;}\">\n\t\t\t\t\t\t<div class=\"elementor-container elementor-column-gap-no\">\n\t\t\t\t\t<div class=\"elementor-column elementor-col-100 elementor-top-column elementor-element elementor-element-1140289\" data-id=\"1140289\" data-element_type=\"column\" data-settings=\"{&quot;background_background&quot;:&quot;classic&quot;,&quot;_ob_bbad_is_stalker&quot;:&quot;no&quot;,&quot;_ob_teleporter_use&quot;:false,&quot;_ob_column_hoveranimator&quot;:&quot;no&quot;,&quot;_ob_column_has_pseudo&quot;:&quot;no&quot;}\">\n\t\t\t<div class=\"elementor-widget-wrap elementor-element-populated\">\n\t\t\t\t\t\t<div class=\"elementor-element elementor-element-8cf33f4 ob-harakiri-inherit ob-has-background-overlay elementor-widget elementor-widget-heading\" data-id=\"8cf33f4\" data-element_type=\"widget\" data-settings=\"{&quot;_ob_use_harakiri&quot;:&quot;yes&quot;,&quot;_ob_harakiri_writing_mode&quot;:&quot;inherit&quot;,&quot;_ob_harakiri_text_clip&quot;:&quot;none&quot;,&quot;_ob_perspektive_use&quot;:&quot;no&quot;,&quot;_ob_poopart_use&quot;:&quot;yes&quot;,&quot;_ob_shadough_use&quot;:&quot;no&quot;,&quot;_ob_allow_hoveranimator&quot;:&quot;no&quot;,&quot;_ob_widget_stalker_use&quot;:&quot;no&quot;}\" data-widget_type=\"heading.default\">\n\t\t\t\t<div class=\"elementor-widget-container\">\n\t\t\t\t\t<h1 class=\"elementor-heading-title elementor-size-default\">Contact us<\/h1>\t\t\t\t<\/div>\n\t\t\t\t<\/div>\n\t\t\t\t<div class=\"elementor-element elementor-element-3212e73 elementor-widget__width-initial ob-has-background-overlay elementor-widget elementor-widget-shortcode\" data-id=\"3212e73\" data-element_type=\"widget\" data-settings=\"{&quot;_ob_perspektive_use&quot;:&quot;no&quot;,&quot;_ob_poopart_use&quot;:&quot;yes&quot;,&quot;_ob_shadough_use&quot;:&quot;no&quot;,&quot;_ob_allow_hoveranimator&quot;:&quot;no&quot;,&quot;_ob_widget_stalker_use&quot;:&quot;no&quot;}\" data-widget_type=\"shortcode.default\">\n\t\t\t\t<div class=\"elementor-widget-container\">\n\t\t\t\t\t\t\t<div class=\"elementor-shortcode\"><div class='fluentform ff-default fluentform_wrapper_5 ffs_default_wrap'><form data-form_id=\"5\" id=\"fluentform_5\" class=\"frm-fluent-form fluent_form_5 ff-el-form-top ff_form_instance_5_1 ff-form-loading ffs_default\" data-form_instance=\"ff_form_instance_5_1\" method=\"POST\" ><fieldset  style=\"border: none!important;margin: 0!important;padding: 0!important;background-color: transparent!important;box-shadow: none!important;outline: none!important; min-inline-size: 100%;\">\n                    <legend class=\"ff_screen_reader_title\" style=\"display: block; margin: 0!important;padding: 0!important;height: 0!important;text-indent: -999999px;width: 0!important;overflow:hidden;\">Formulaire de contact - EN<\/legend><input type='hidden' name='__fluent_form_embded_post_id' value='1870' \/><input type=\"hidden\" id=\"_fluentform_5_fluentformnonce\" name=\"_fluentform_5_fluentformnonce\" value=\"79a2631681\" \/><input type=\"hidden\" name=\"_wp_http_referer\" value=\"\/en\/wp-json\/wp\/v2\/pages\/1870\" \/><div class='ff-el-group'><div class=\"ff-el-input--label ff-el-is-required asterisk-right\"><label for='ff_5_vous_etes' aria-label=\"You are ?\">You are ?<\/label><\/div><div class='ff-el-input--content'><select name=\"vous_etes\" id=\"ff_5_vous_etes\" class=\"ff-el-form-control\" data-name=\"vous_etes\" data-calc_value=\"0\"  aria-invalid=\"false\" aria-required=true><option value=\"\">- Choose -<\/option><option value=\"A professional\"  >A professional<\/option><option value=\"An exhibitor\"  >An exhibitor<\/option><option value=\"A brand\"  >A brand<\/option><option value=\"Other\"  >Other<\/option><\/select><\/div><\/div><div class='ff-el-group'><div class=\"ff-el-input--label ff-el-is-required asterisk-right\"><label for='ff_5_vous_souhaitez' aria-label=\"What do you want ?\">What do you want ?<\/label><\/div><div class='ff-el-input--content'><select name=\"vous_souhaitez\" id=\"ff_5_vous_souhaitez\" class=\"ff-el-form-control\" data-name=\"vous_souhaitez\" data-calc_value=\"0\"  aria-invalid=\"false\" aria-required=true><option value=\"\">- Choose -<\/option><option value=\"Contact an exhibitor ?\"  >Contact an exhibitor ?<\/option><option value=\"Become an exhibitor ?\"  >Become an exhibitor ?<\/option><option value=\"Make an appointment at the open days\"  >Make an appointment at the open days<\/option><option value=\"Presenting your brand\"  >Presenting your brand<\/option><option value=\"Other\"  >Other<\/option><\/select><\/div><\/div><div class='ff-el-group has-conditions'><div class=\"ff-el-input--label ff-el-is-required asterisk-right\"><label for='ff_5_quel_exposant' aria-label=\"Which exhibitor?\">Which exhibitor?<\/label><\/div><div class='ff-el-input--content'><input type=\"text\" name=\"quel_exposant\" class=\"ff-el-form-control\" data-name=\"quel_exposant\" id=\"ff_5_quel_exposant\"  aria-invalid=\"false\" aria-required=true><\/div><\/div><div class='ff-el-group  ff-custom_html infos-persos' data-name=\"custom_html-5_1\" ><h2>Personal information<\/h2><\/div><div data-name=\"ff_cn_id_1\"  class='ff-t-container ff-column-container ff_columns_total_2  '><div class='ff-t-cell ff-t-column-1' style='flex-basis: 50%;'><div data-type=\"name-element\" data-name=\"prenom\" class=\" ff-field_container ff-name-field-wrapper\" ><div class='ff-t-container'><div class='ff-t-cell '><div class='ff-el-group  ff-el-form-top'><div class=\"ff-el-input--label ff-el-is-required asterisk-right\"><label for='ff_5_prenom_first_name_' >Name<\/label><\/div><div class='ff-el-input--content'><input type=\"text\" name=\"prenom[first_name]\" id=\"ff_5_prenom_first_name_\" class=\"ff-el-form-control\" placeholder=\"Name\" aria-invalid=\"false\" aria-required=true><\/div><\/div><\/div><\/div><\/div><div data-type=\"name-element\" data-name=\"nom\" class=\" ff-field_container ff-name-field-wrapper\" ><div class='ff-t-container'><div class='ff-t-cell '><div class='ff-el-group  ff-el-form-top'><div class=\"ff-el-input--label ff-el-is-required asterisk-right\"><label for='ff_5_nom_last_name_' >Last name<\/label><\/div><div class='ff-el-input--content'><input type=\"text\" name=\"nom[last_name]\" id=\"ff_5_nom_last_name_\" class=\"ff-el-form-control\" placeholder=\"Last name\" aria-invalid=\"false\" aria-required=true><\/div><\/div><\/div><\/div><\/div><div class='ff-el-group has-conditions'><div class=\"ff-el-input--label asterisk-right\"><label for='ff_5_entreprise' aria-label=\"Company name\">Company name<\/label><\/div><div class='ff-el-input--content'><input type=\"text\" name=\"entreprise\" class=\"ff-el-form-control\" data-name=\"entreprise\" id=\"ff_5_entreprise\"  aria-invalid=\"false\" aria-required=false><\/div><\/div><\/div><div class='ff-t-cell ff-t-column-2' style='flex-basis: 50%;'><div class='ff-el-group'><div class=\"ff-el-input--label ff-el-is-required asterisk-right\"><label for='ff_5_email' aria-label=\"E-mail\">E-mail<\/label><\/div><div class='ff-el-input--content'><input type=\"email\" name=\"email\" id=\"ff_5_email\" class=\"ff-el-form-control\" placeholder=\"E-mail\" data-name=\"email\"  aria-invalid=\"false\" aria-required=true><\/div><\/div><div class='ff-el-group'><div class=\"ff-el-input--label asterisk-right\"><label for='ff_5_telephone' aria-label=\"Phone\">Phone<\/label><\/div><div class='ff-el-input--content'><input type=\"number\" name=\"telephone\" id=\"ff_5_telephone\" class=\"ff-el-form-control\" data-name=\"telephone\" inputmode=\"numeric\" step=\"any\"  aria-invalid=\"false\" aria-required=false><\/div><\/div><\/div><\/div><div class='ff-el-group'><div class=\"ff-el-input--label ff-el-is-required asterisk-right\"><label for='ff_5_message' aria-label=\"Your message\">Your message<\/label><\/div><div class='ff-el-input--content'><textarea aria-invalid=\"false\" aria-required=true name=\"message\" id=\"ff_5_message\" class=\"ff-el-form-control\" rows=\"6\" cols=\"2\" data-name=\"message\" ><\/textarea><\/div><\/div><div class='ff-el-group    ff-el-input--content'><div class='ff-el-form-check ff-el-tc'><label aria-label='I consent to this site storing the information I have submitted in order to respond to my request.' class='ff-el-form-check-label ff_tc_label' for=gdpr-agreement_b5ca2f57d056f61c854b98996eb8b96f><span class='ff_tc_checkbox'><input type=\"checkbox\" name=\"gdpr-agreement\" class=\"ff-el-form-check-input ff_gdpr_field\" data-name=\"gdpr-agreement\" id=\"gdpr-agreement_b5ca2f57d056f61c854b98996eb8b96f\"  value='on' aria-invalid='false' aria-required=true><\/span> <div class='ff_t_c'>I consent to this site storing the information I have submitted in order to respond to my request.<\/div><\/label><\/div><\/div><div class='ff-el-group    ff-el-input--content'><div class='ff-el-form-check ff-el-tc'><label aria-label='Terms and Conditions: I have read and accept the legal notice. Contains 1 link. Use tab navigation to review.' class='ff-el-form-check-label ff_tc_label' for=terms-n-condition_8551606e1cfc30d21986c2d3386f04e5><span class='ff_tc_checkbox'><input type=\"checkbox\" name=\"terms-n-condition\" class=\"ff-el-form-check-input\" data-name=\"terms-n-condition\" id=\"terms-n-condition_8551606e1cfc30d21986c2d3386f04e5\"  value='on' aria-invalid='false' aria-required=true><\/span> <div class='ff_t_c'><p>I have read and accept <a href=\"https:\/\/www.homexpo.paris\/en\/legal-notice-and-data-ownership\/\" target=\"_blank\" rel=\"noopener\">the legal notice<\/a>.<\/p><\/div><\/label><\/div><\/div><div class='ff-el-group ff-text-center ff_submit_btn_wrapper'><button type=\"submit\" class=\"ff-btn ff-btn-submit ff-btn-md ff_btn_style\" >Send<\/button><\/div><\/fieldset><\/form><div id='fluentform_5_errors' class='ff-errors-in-stack ff_form_instance_5_1 ff-form-loading_errors ff_form_instance_5_1_errors'><\/div><\/div>        <script type=\"text\/javascript\">\n            window.fluent_form_ff_form_instance_5_1 = {\"id\":\"5\",\"settings\":{\"layout\":{\"labelPlacement\":\"top\",\"helpMessagePlacement\":\"with_label\",\"errorMessagePlacement\":\"inline\",\"cssClassName\":\"\",\"asteriskPlacement\":\"asterisk-right\"},\"restrictions\":{\"denyEmptySubmission\":{\"enabled\":false}}},\"form_instance\":\"ff_form_instance_5_1\",\"form_id_selector\":\"fluentform_5\",\"rules\":{\"vous_etes\":{\"required\":{\"value\":true,\"message\":\"This field is mandatory\"}},\"vous_souhaitez\":{\"required\":{\"value\":true,\"message\":\"This field is mandatory\"}},\"quel_exposant\":{\"required\":{\"value\":true,\"message\":\"This field is mandatory\"}},\"prenom[first_name]\":{\"required\":{\"value\":true,\"message\":\"This field is mandatory\"}},\"prenom[middle_name]\":{\"required\":{\"value\":false,\"message\":\"Ce champ est obligatoire\"}},\"prenom[last_name]\":{\"required\":{\"value\":false,\"message\":\"Ce champ est obligatoire\"}},\"nom[first_name]\":{\"required\":{\"value\":false,\"message\":\"Ce champ est obligatoire\"}},\"nom[middle_name]\":{\"required\":{\"value\":false,\"message\":\"Ce champ est obligatoire\"}},\"nom[last_name]\":{\"required\":{\"value\":true,\"message\":\"This field is mandatory\"}},\"entreprise\":{\"required\":{\"value\":false,\"message\":\"Ce champ est obligatoire\"}},\"email\":{\"required\":{\"value\":true,\"message\":\"This field is mandatory\"},\"email\":{\"value\":true,\"message\":\"This field must contain a valid e-mail\"}},\"telephone\":{\"required\":{\"value\":false,\"message\":\"Ce champ est obligatoire\"},\"numeric\":{\"value\":true,\"message\":\"Ce champ doit contenir une valeur num\\u00e9rique\"},\"min\":{\"value\":\"\",\"message\":\"Valeur minimale est \"},\"max\":{\"value\":\"\",\"message\":\"Valeur maximale est \"},\"digits\":{\"value\":\"\",\"message\":\"Le nombre de chiffres doit \\u00eatre \"}},\"message\":{\"required\":{\"value\":true,\"message\":\"This field is mandatory\"}},\"gdpr-agreement\":{\"required\":{\"value\":true,\"message\":\"This field is mandatory\"}},\"terms-n-condition\":{\"required\":{\"value\":true,\"message\":\"This field is mandatory\"}}},\"debounce_time\":300,\"conditionals\":{\"quel_exposant\":{\"type\":\"any\",\"status\":true,\"conditions\":[{\"field\":\"vous_souhaitez\",\"value\":\"Contact an exhibitor ?\",\"operator\":\"=\"}]},\"entreprise\":{\"type\":\"any\",\"status\":true,\"conditions\":[{\"field\":\"vous_etes\",\"value\":\"Un professionnel\",\"operator\":\"=\"},{\"field\":\"vous_etes\",\"value\":\"Une marque\",\"operator\":\"=\"},{\"field\":\"vous_etes\",\"value\":\"Autres\",\"operator\":\"=\"}]}}};\n                    <\/script>\n        <\/div>\n\t\t\t\t\t\t<\/div>\n\t\t\t\t<\/div>\n\t\t\t\t\t<\/div>\n\t\t<\/div>\n\t\t\t\t\t<\/div>\n\t\t<\/section>\n\t\t\t\t<\/div>\n\t\t","protected":false},"excerpt":{"rendered":"<p>Contact us<\/p>\n","protected":false},"author":1,"featured_media":0,"parent":0,"menu_order":5,"comment_status":"closed","ping_status":"closed","template":"","meta":{"_acf_changed":false,"footnotes":""},"class_list":["post-1870","page","type-page","status-publish","hentry"],"acf":[],"yoast_head":"<!-- This site is optimized with the Yoast SEO plugin v24.5 - https:\/\/yoast.com\/wordpress\/plugins\/seo\/ -->\n<title>Contact us - HOMEXPO Paris<\/title>\n<meta name=\"robots\" content=\"index, follow, max-snippet:-1, max-image-preview:large, max-video-preview:-1\" \/>\n<link rel=\"canonical\" href=\"https:\/\/www.homexpo.paris\/en\/contact-us\/\" \/>\n<meta property=\"og:locale\" content=\"en_US\" \/>\n<meta property=\"og:type\" content=\"article\" \/>\n<meta property=\"og:title\" content=\"Contact us - HOMEXPO Paris\" \/>\n<meta property=\"og:description\" content=\"Contact us\" \/>\n<meta property=\"og:url\" content=\"https:\/\/www.homexpo.paris\/en\/contact-us\/\" \/>\n<meta property=\"og:site_name\" content=\"HOMEXPO Paris\" \/>\n<meta property=\"article:modified_time\" content=\"2023-01-02T16:43:39+00:00\" \/>\n<meta name=\"twitter:card\" content=\"summary_large_image\" \/>\n<meta name=\"twitter:label1\" content=\"Est. reading time\" \/>\n\t<meta name=\"twitter:data1\" content=\"1 minute\" \/>\n<script type=\"application\/ld+json\" class=\"yoast-schema-graph\">{\"@context\":\"https:\/\/schema.org\",\"@graph\":[{\"@type\":\"WebPage\",\"@id\":\"https:\/\/www.homexpo.paris\/en\/contact-us\/\",\"url\":\"https:\/\/www.homexpo.paris\/en\/contact-us\/\",\"name\":\"Contact us - HOMEXPO Paris\",\"isPartOf\":{\"@id\":\"https:\/\/www.homexpo.paris\/en\/#website\"},\"datePublished\":\"2022-11-30T17:08:35+00:00\",\"dateModified\":\"2023-01-02T16:43:39+00:00\",\"breadcrumb\":{\"@id\":\"https:\/\/www.homexpo.paris\/en\/contact-us\/#breadcrumb\"},\"inLanguage\":\"en-US\",\"potentialAction\":[{\"@type\":\"ReadAction\",\"target\":[\"https:\/\/www.homexpo.paris\/en\/contact-us\/\"]}]},{\"@type\":\"BreadcrumbList\",\"@id\":\"https:\/\/www.homexpo.paris\/en\/contact-us\/#breadcrumb\",\"itemListElement\":[{\"@type\":\"ListItem\",\"position\":1,\"name\":\"Accueil\",\"item\":\"https:\/\/www.homexpo.paris\/en\/\"},{\"@type\":\"ListItem\",\"position\":2,\"name\":\"Contact us\"}]},{\"@type\":\"WebSite\",\"@id\":\"https:\/\/www.homexpo.paris\/en\/#website\",\"url\":\"https:\/\/www.homexpo.paris\/en\/\",\"name\":\"HOMEXPO Paris\",\"description\":\"HOMEXPO Paris, le plus grand centre europ\u00e9en d\u00e9di\u00e9 aux professionnels de l\u2019\u00e9quipement de la maison.\",\"publisher\":{\"@id\":\"https:\/\/www.homexpo.paris\/en\/#organization\"},\"potentialAction\":[{\"@type\":\"SearchAction\",\"target\":{\"@type\":\"EntryPoint\",\"urlTemplate\":\"https:\/\/www.homexpo.paris\/en\/?s={search_term_string}\"},\"query-input\":{\"@type\":\"PropertyValueSpecification\",\"valueRequired\":true,\"valueName\":\"search_term_string\"}}],\"inLanguage\":\"en-US\"},{\"@type\":\"Organization\",\"@id\":\"https:\/\/www.homexpo.paris\/en\/#organization\",\"name\":\"HOMEXPO Paris\",\"url\":\"https:\/\/www.homexpo.paris\/en\/\",\"logo\":{\"@type\":\"ImageObject\",\"inLanguage\":\"en-US\",\"@id\":\"https:\/\/www.homexpo.paris\/en\/#\/schema\/logo\/image\/\",\"url\":\"https:\/\/www.homexpo.paris\/wp-content\/uploads\/2022\/11\/cropped-logo_homexpo_paris.png\",\"contentUrl\":\"https:\/\/www.homexpo.paris\/wp-content\/uploads\/2022\/11\/cropped-logo_homexpo_paris.png\",\"width\":246,\"height\":102,\"caption\":\"HOMEXPO Paris\"},\"image\":{\"@id\":\"https:\/\/www.homexpo.paris\/en\/#\/schema\/logo\/image\/\"}}]}<\/script>\n<!-- \/ Yoast SEO plugin. -->","yoast_head_json":{"title":"Contact us - HOMEXPO Paris","robots":{"index":"index","follow":"follow","max-snippet":"max-snippet:-1","max-image-preview":"max-image-preview:large","max-video-preview":"max-video-preview:-1"},"canonical":"https:\/\/www.homexpo.paris\/en\/contact-us\/","og_locale":"en_US","og_type":"article","og_title":"Contact us - HOMEXPO Paris","og_description":"Contact us","og_url":"https:\/\/www.homexpo.paris\/en\/contact-us\/","og_site_name":"HOMEXPO Paris","article_modified_time":"2023-01-02T16:43:39+00:00","twitter_card":"summary_large_image","twitter_misc":{"Est. reading time":"1 minute"},"schema":{"@context":"https:\/\/schema.org","@graph":[{"@type":"WebPage","@id":"https:\/\/www.homexpo.paris\/en\/contact-us\/","url":"https:\/\/www.homexpo.paris\/en\/contact-us\/","name":"Contact us - HOMEXPO Paris","isPartOf":{"@id":"https:\/\/www.homexpo.paris\/en\/#website"},"datePublished":"2022-11-30T17:08:35+00:00","dateModified":"2023-01-02T16:43:39+00:00","breadcrumb":{"@id":"https:\/\/www.homexpo.paris\/en\/contact-us\/#breadcrumb"},"inLanguage":"en-US","potentialAction":[{"@type":"ReadAction","target":["https:\/\/www.homexpo.paris\/en\/contact-us\/"]}]},{"@type":"BreadcrumbList","@id":"https:\/\/www.homexpo.paris\/en\/contact-us\/#breadcrumb","itemListElement":[{"@type":"ListItem","position":1,"name":"Accueil","item":"https:\/\/www.homexpo.paris\/en\/"},{"@type":"ListItem","position":2,"name":"Contact us"}]},{"@type":"WebSite","@id":"https:\/\/www.homexpo.paris\/en\/#website","url":"https:\/\/www.homexpo.paris\/en\/","name":"HOMEXPO Paris","description":"HOMEXPO Paris, le plus grand centre europ\u00e9en d\u00e9di\u00e9 aux professionnels de l\u2019\u00e9quipement de la maison.","publisher":{"@id":"https:\/\/www.homexpo.paris\/en\/#organization"},"potentialAction":[{"@type":"SearchAction","target":{"@type":"EntryPoint","urlTemplate":"https:\/\/www.homexpo.paris\/en\/?s={search_term_string}"},"query-input":{"@type":"PropertyValueSpecification","valueRequired":true,"valueName":"search_term_string"}}],"inLanguage":"en-US"},{"@type":"Organization","@id":"https:\/\/www.homexpo.paris\/en\/#organization","name":"HOMEXPO Paris","url":"https:\/\/www.homexpo.paris\/en\/","logo":{"@type":"ImageObject","inLanguage":"en-US","@id":"https:\/\/www.homexpo.paris\/en\/#\/schema\/logo\/image\/","url":"https:\/\/www.homexpo.paris\/wp-content\/uploads\/2022\/11\/cropped-logo_homexpo_paris.png","contentUrl":"https:\/\/www.homexpo.paris\/wp-content\/uploads\/2022\/11\/cropped-logo_homexpo_paris.png","width":246,"height":102,"caption":"HOMEXPO Paris"},"image":{"@id":"https:\/\/www.homexpo.paris\/en\/#\/schema\/logo\/image\/"}}]}},"_links":{"self":[{"href":"https:\/\/www.homexpo.paris\/en\/wp-json\/wp\/v2\/pages\/1870","targetHints":{"allow":["GET"]}}],"collection":[{"href":"https:\/\/www.homexpo.paris\/en\/wp-json\/wp\/v2\/pages"}],"about":[{"href":"https:\/\/www.homexpo.paris\/en\/wp-json\/wp\/v2\/types\/page"}],"author":[{"embeddable":true,"href":"https:\/\/www.homexpo.paris\/en\/wp-json\/wp\/v2\/users\/1"}],"replies":[{"embeddable":true,"href":"https:\/\/www.homexpo.paris\/en\/wp-json\/wp\/v2\/comments?post=1870"}],"version-history":[{"count":0,"href":"https:\/\/www.homexpo.paris\/en\/wp-json\/wp\/v2\/pages\/1870\/revisions"}],"wp:attachment":[{"href":"https:\/\/www.homexpo.paris\/en\/wp-json\/wp\/v2\/media?parent=1870"}],"curies":[{"name":"wp","href":"https:\/\/api.w.org\/{rel}","templated":true}]}}